{"id":61,"date":"2017-09-07T01:12:55","date_gmt":"2017-09-07T01:12:55","guid":{"rendered":"http:\/\/jomarjalos.com\/comparegamehosting\/?page_id=61"},"modified":"2017-09-07T23:39:53","modified_gmt":"2017-09-07T23:39:53","slug":"sitemap","status":"publish","type":"page","link":"https:\/\/comparegameservers.com\/sv\/sitemap\/","title":{"rendered":"(English) SITEMAP"},"content":{"rendered":"<p class=\"qtranxs-available-languages-message qtranxs-available-languages-message-sv\">Tyv\u00e4rr \u00e4r denna artikel enbart tillg\u00e4nglig p\u00e5 <a href=\"https:\/\/comparegameservers.com\/en\/wp-json\/wp\/v2\/pages\/61\" class=\"qtranxs-available-language-link qtranxs-available-language-link-en\" title=\"English\">Amerikansk Engelska<\/a>.<\/p>","protected":false},"excerpt":{"rendered":"<p>Tyv\u00e4rr \u00e4r denna artikel enbart tillg\u00e4nglig p\u00e5 Amerikansk Engelska.<\/p>\n","protected":false},"author":1,"featured_media":0,"parent":0,"menu_order":0,"comment_status":"closed","ping_status":"closed","template":"","meta":[],"yoast_head":"<!-- This site is optimized with the Yoast SEO plugin v15.4 - https:\/\/yoast.com\/wordpress\/plugins\/seo\/ -->\n<title>(English) SITEMAP - Compare Game Server Hosting<\/title>\n<meta name=\"robots\" content=\"index, follow, max-snippet:-1, max-image-preview:large, max-video-preview:-1\" \/>\n<link rel=\"canonical\" href=\"https:\/\/comparegameservers.com\/sitemap\/\" \/>\n<meta property=\"og:locale\" content=\"sv_SE\" \/>\n<meta property=\"og:type\" content=\"article\" \/>\n<meta property=\"og:title\" content=\"(English) SITEMAP - Compare Game Server Hosting\" \/>\n<meta property=\"og:description\" content=\"Tyv\u00e4rr \u00e4r denna artikel enbart tillg\u00e4nglig p\u00e5 Amerikansk Engelska.\" \/>\n<meta property=\"og:url\" content=\"https:\/\/comparegameservers.com\/sitemap\/\" \/>\n<meta property=\"og:site_name\" content=\"Compare Game Server Hosting\" \/>\n<meta property=\"article:publisher\" content=\"https:\/\/www.facebook.com\/comparegameservers\/\" \/>\n<meta property=\"article:modified_time\" content=\"2017-09-07T23:39:53+00:00\" \/>\n<meta name=\"twitter:card\" content=\"summary\" \/>\n<meta name=\"twitter:creator\" content=\"@comparegamesrvr\" \/>\n<meta name=\"twitter:site\" content=\"@comparegamesrvr\" \/>\n<meta name=\"twitter:label1\" content=\"Skriven av\">\n\t<meta name=\"twitter:data1\" content=\"devsupport\">\n\t<meta name=\"twitter:label2\" content=\"Ber\u00e4knad l\u00e4stid\">\n\t<meta name=\"twitter:data2\" content=\"0 minuter\">\n<script type=\"application\/ld+json\" class=\"yoast-schema-graph\">{\"@context\":\"https:\/\/schema.org\",\"@graph\":[{\"@type\":\"WebSite\",\"@id\":\"https:\/\/comparegameservers.com\/pl\/#website\",\"url\":\"https:\/\/comparegameservers.com\/pl\/\",\"name\":\"Compare Game Server Hosting\",\"description\":\"Compare game server hosts and their game server prices on slots, players, ram and more.\",\"potentialAction\":[{\"@type\":\"SearchAction\",\"target\":\"https:\/\/comparegameservers.com\/pl\/?s={search_term_string}\",\"query-input\":\"required name=search_term_string\"}],\"inLanguage\":\"sv-SE\"},{\"@type\":\"WebPage\",\"@id\":\"https:\/\/comparegameservers.com\/sitemap\/#webpage\",\"url\":\"https:\/\/comparegameservers.com\/sitemap\/\",\"name\":\"(English) SITEMAP - Compare Game Server Hosting\",\"isPartOf\":{\"@id\":\"https:\/\/comparegameservers.com\/pl\/#website\"},\"datePublished\":\"2017-09-07T01:12:55+00:00\",\"dateModified\":\"2017-09-07T23:39:53+00:00\",\"inLanguage\":\"sv-SE\",\"potentialAction\":[{\"@type\":\"ReadAction\",\"target\":[\"https:\/\/comparegameservers.com\/sitemap\/\"]}]}]}<\/script>\n<!-- \/ Yoast SEO plugin. -->","_links":{"self":[{"href":"https:\/\/comparegameservers.com\/sv\/wp-json\/wp\/v2\/pages\/61"}],"collection":[{"href":"https:\/\/comparegameservers.com\/sv\/wp-json\/wp\/v2\/pages"}],"about":[{"href":"https:\/\/comparegameservers.com\/sv\/wp-json\/wp\/v2\/types\/page"}],"author":[{"embeddable":true,"href":"https:\/\/comparegameservers.com\/sv\/wp-json\/wp\/v2\/users\/1"}],"replies":[{"embeddable":true,"href":"https:\/\/comparegameservers.com\/sv\/wp-json\/wp\/v2\/comments?post=61"}],"version-history":[{"count":8,"href":"https:\/\/comparegameservers.com\/sv\/wp-json\/wp\/v2\/pages\/61\/revisions"}],"predecessor-version":[{"id":233,"href":"https:\/\/comparegameservers.com\/sv\/wp-json\/wp\/v2\/pages\/61\/revisions\/233"}],"wp:attachment":[{"href":"https:\/\/comparegameservers.com\/sv\/wp-json\/wp\/v2\/media?parent=61"}],"curies":[{"name":"wp","href":"https:\/\/api.w.org\/{rel}","templated":true}]}}