{"id":59,"date":"2017-09-07T01:12:26","date_gmt":"2017-09-07T01:12:26","guid":{"rendered":"http:\/\/jomarjalos.com\/comparegamehosting\/?page_id=59"},"modified":"2017-10-18T06:02:45","modified_gmt":"2017-10-18T06:02:45","slug":"privacy-policy","status":"publish","type":"page","link":"https:\/\/comparegameservers.com\/pl\/privacy-policy\/","title":{"rendered":"(English) PRIVACY POLICY"},"content":{"rendered":"<p class=\"qtranxs-available-languages-message qtranxs-available-languages-message-pl\">Przepraszamy, ten wpis jest dost\u0119pny tylko w j\u0119zyku <a href=\"https:\/\/comparegameservers.com\/en\/wp-json\/wp\/v2\/pages\/59\" class=\"qtranxs-available-language-link qtranxs-available-language-link-en\" title=\"English\">Ameryka\u0144ski Angielski<\/a>.<\/p>","protected":false},"excerpt":{"rendered":"<p>Przepraszamy, ten wpis jest dost\u0119pny tylko w j\u0119zyku Ameryka\u0144ski Angielski.<\/p>\n","protected":false},"author":1,"featured_media":0,"parent":0,"menu_order":0,"comment_status":"closed","ping_status":"closed","template":"","meta":[],"yoast_head":"<!-- This site is optimized with the Yoast SEO plugin v15.4 - https:\/\/yoast.com\/wordpress\/plugins\/seo\/ -->\n<title>(English) PRIVACY POLICY - Compare Game Server Hosting<\/title>\n<meta name=\"robots\" content=\"index, follow, max-snippet:-1, max-image-preview:large, max-video-preview:-1\" \/>\n<link rel=\"canonical\" href=\"https:\/\/comparegameservers.com\/privacy-policy\/\" \/>\n<meta property=\"og:locale\" content=\"pl_PL\" \/>\n<meta property=\"og:type\" content=\"article\" \/>\n<meta property=\"og:title\" content=\"(English) PRIVACY POLICY - Compare Game Server Hosting\" \/>\n<meta property=\"og:description\" content=\"Przepraszamy, ten wpis jest dost\u0119pny tylko w j\u0119zyku Ameryka\u0144ski Angielski.\" \/>\n<meta property=\"og:url\" content=\"https:\/\/comparegameservers.com\/privacy-policy\/\" \/>\n<meta property=\"og:site_name\" content=\"Compare Game Server Hosting\" \/>\n<meta property=\"article:publisher\" content=\"https:\/\/www.facebook.com\/comparegameservers\/\" \/>\n<meta property=\"article:modified_time\" content=\"2017-10-18T06:02:45+00:00\" \/>\n<meta name=\"twitter:card\" content=\"summary\" \/>\n<meta name=\"twitter:creator\" content=\"@comparegamesrvr\" \/>\n<meta name=\"twitter:site\" content=\"@comparegamesrvr\" \/>\n<meta name=\"twitter:label1\" content=\"Written by\">\n\t<meta name=\"twitter:data1\" content=\"devsupport\">\n\t<meta name=\"twitter:label2\" content=\"Est. reading time\">\n\t<meta name=\"twitter:data2\" content=\"2 minuty\">\n<script type=\"application\/ld+json\" class=\"yoast-schema-graph\">{\"@context\":\"https:\/\/schema.org\",\"@graph\":[{\"@type\":\"WebSite\",\"@id\":\"https:\/\/comparegameservers.com\/pl\/#website\",\"url\":\"https:\/\/comparegameservers.com\/pl\/\",\"name\":\"Compare Game Server Hosting\",\"description\":\"Compare game server hosts and their game server prices on slots, players, ram and more.\",\"potentialAction\":[{\"@type\":\"SearchAction\",\"target\":\"https:\/\/comparegameservers.com\/pl\/?s={search_term_string}\",\"query-input\":\"required name=search_term_string\"}],\"inLanguage\":\"pl-PL\"},{\"@type\":\"WebPage\",\"@id\":\"https:\/\/comparegameservers.com\/privacy-policy\/#webpage\",\"url\":\"https:\/\/comparegameservers.com\/privacy-policy\/\",\"name\":\"(English) PRIVACY POLICY - Compare Game Server Hosting\",\"isPartOf\":{\"@id\":\"https:\/\/comparegameservers.com\/pl\/#website\"},\"datePublished\":\"2017-09-07T01:12:26+00:00\",\"dateModified\":\"2017-10-18T06:02:45+00:00\",\"inLanguage\":\"pl-PL\",\"potentialAction\":[{\"@type\":\"ReadAction\",\"target\":[\"https:\/\/comparegameservers.com\/privacy-policy\/\"]}]}]}<\/script>\n<!-- \/ Yoast SEO plugin. -->","_links":{"self":[{"href":"https:\/\/comparegameservers.com\/pl\/wp-json\/wp\/v2\/pages\/59"}],"collection":[{"href":"https:\/\/comparegameservers.com\/pl\/wp-json\/wp\/v2\/pages"}],"about":[{"href":"https:\/\/comparegameservers.com\/pl\/wp-json\/wp\/v2\/types\/page"}],"author":[{"embeddable":true,"href":"https:\/\/comparegameservers.com\/pl\/wp-json\/wp\/v2\/users\/1"}],"replies":[{"embeddable":true,"href":"https:\/\/comparegameservers.com\/pl\/wp-json\/wp\/v2\/comments?post=59"}],"version-history":[{"count":7,"href":"https:\/\/comparegameservers.com\/pl\/wp-json\/wp\/v2\/pages\/59\/revisions"}],"predecessor-version":[{"id":924,"href":"https:\/\/comparegameservers.com\/pl\/wp-json\/wp\/v2\/pages\/59\/revisions\/924"}],"wp:attachment":[{"href":"https:\/\/comparegameservers.com\/pl\/wp-json\/wp\/v2\/media?parent=59"}],"curies":[{"name":"wp","href":"https:\/\/api.w.org\/{rel}","templated":true}]}}