{"id":39,"date":"2017-09-07T01:07:33","date_gmt":"2017-09-07T01:07:33","guid":{"rendered":"http:\/\/jomarjalos.com\/comparegamehosting\/?page_id=39"},"modified":"2018-04-14T05:54:54","modified_gmt":"2018-04-14T05:54:54","slug":"games","status":"publish","type":"page","link":"https:\/\/comparegameservers.com\/es\/games\/","title":{"rendered":"Game Server Hosting"},"content":{"rendered":"<p class=\"qtranxs-available-languages-message qtranxs-available-languages-message-es\">Disculpa, pero esta entrada est\u00e1 disponible s\u00f3lo en <a href=\"https:\/\/comparegameservers.com\/en\/wp-json\/wp\/v2\/pages\/39\" class=\"qtranxs-available-language-link qtranxs-available-language-link-en\" title=\"English\">Ingl\u00e9s Estadounidense<\/a>.<\/p>","protected":false},"excerpt":{"rendered":"<p>Disculpa, pero esta entrada est\u00e1 disponible s\u00f3lo en Ingl\u00e9s Estadounidense.<\/p>\n","protected":false},"author":1,"featured_media":0,"parent":0,"menu_order":0,"comment_status":"closed","ping_status":"closed","template":"","meta":[],"yoast_head":"<!-- This site is optimized with the Yoast SEO plugin v15.4 - https:\/\/yoast.com\/wordpress\/plugins\/seo\/ -->\n<title>Game Server Hosting - Compare Game Server Hosting<\/title>\n<meta name=\"robots\" content=\"index, follow, max-snippet:-1, max-image-preview:large, max-video-preview:-1\" \/>\n<link rel=\"canonical\" href=\"https:\/\/comparegameservers.com\/pl\/games\/\" \/>\n<meta property=\"og:locale\" content=\"es_ES\" \/>\n<meta property=\"og:type\" content=\"article\" \/>\n<meta property=\"og:title\" content=\"Game Server Hosting - Compare Game Server Hosting\" \/>\n<meta property=\"og:description\" content=\"Disculpa, pero esta entrada est\u00e1 disponible s\u00f3lo en Ingl\u00e9s Estadounidense.\" \/>\n<meta property=\"og:url\" content=\"https:\/\/comparegameservers.com\/pl\/games\/\" \/>\n<meta property=\"og:site_name\" content=\"Compare Game Server Hosting\" \/>\n<meta property=\"article:publisher\" content=\"https:\/\/www.facebook.com\/comparegameservers\/\" \/>\n<meta property=\"article:modified_time\" content=\"2018-04-14T05:54:54+00:00\" \/>\n<meta name=\"twitter:card\" content=\"summary\" \/>\n<meta name=\"twitter:creator\" content=\"@comparegamesrvr\" \/>\n<meta name=\"twitter:site\" content=\"@comparegamesrvr\" \/>\n<meta name=\"twitter:label1\" content=\"Escrito por\">\n\t<meta name=\"twitter:data1\" content=\"devsupport\">\n\t<meta name=\"twitter:label2\" content=\"Tiempo de lectura\">\n\t<meta name=\"twitter:data2\" content=\"0 minutos\">\n<script type=\"application\/ld+json\" class=\"yoast-schema-graph\">{\"@context\":\"https:\/\/schema.org\",\"@graph\":[{\"@type\":\"WebSite\",\"@id\":\"https:\/\/comparegameservers.com\/pl\/#website\",\"url\":\"https:\/\/comparegameservers.com\/pl\/\",\"name\":\"Compare Game Server Hosting\",\"description\":\"Compare game server hosts and their game server prices on slots, players, ram and more.\",\"potentialAction\":[{\"@type\":\"SearchAction\",\"target\":\"https:\/\/comparegameservers.com\/pl\/?s={search_term_string}\",\"query-input\":\"required name=search_term_string\"}],\"inLanguage\":\"es\"},{\"@type\":\"WebPage\",\"@id\":\"https:\/\/comparegameservers.com\/pl\/games\/#webpage\",\"url\":\"https:\/\/comparegameservers.com\/pl\/games\/\",\"name\":\"Game Server Hosting - Compare Game Server Hosting\",\"isPartOf\":{\"@id\":\"https:\/\/comparegameservers.com\/pl\/#website\"},\"datePublished\":\"2017-09-07T01:07:33+00:00\",\"dateModified\":\"2018-04-14T05:54:54+00:00\",\"inLanguage\":\"es\",\"potentialAction\":[{\"@type\":\"ReadAction\",\"target\":[\"https:\/\/comparegameservers.com\/pl\/games\/\"]}]}]}<\/script>\n<!-- \/ Yoast SEO plugin. -->","_links":{"self":[{"href":"https:\/\/comparegameservers.com\/es\/wp-json\/wp\/v2\/pages\/39"}],"collection":[{"href":"https:\/\/comparegameservers.com\/es\/wp-json\/wp\/v2\/pages"}],"about":[{"href":"https:\/\/comparegameservers.com\/es\/wp-json\/wp\/v2\/types\/page"}],"author":[{"embeddable":true,"href":"https:\/\/comparegameservers.com\/es\/wp-json\/wp\/v2\/users\/1"}],"replies":[{"embeddable":true,"href":"https:\/\/comparegameservers.com\/es\/wp-json\/wp\/v2\/comments?post=39"}],"version-history":[{"count":11,"href":"https:\/\/comparegameservers.com\/es\/wp-json\/wp\/v2\/pages\/39\/revisions"}],"predecessor-version":[{"id":1022,"href":"https:\/\/comparegameservers.com\/es\/wp-json\/wp\/v2\/pages\/39\/revisions\/1022"}],"wp:attachment":[{"href":"https:\/\/comparegameservers.com\/es\/wp-json\/wp\/v2\/media?parent=39"}],"curies":[{"name":"wp","href":"https:\/\/api.w.org\/{rel}","templated":true}]}}